{"id":120,"date":"2014-12-21T20:40:43","date_gmt":"2014-12-21T18:40:43","guid":{"rendered":"http:\/\/www.energieundklang.at\/?page_id=120"},"modified":"2026-03-31T21:21:40","modified_gmt":"2026-03-31T19:21:40","slug":"home","status":"publish","type":"page","link":"https:\/\/www.energieundklang.at\/","title":{"rendered":"HOME"},"content":{"rendered":"\n<p><strong><span style=\"font-size: 16pt;\">Es freut mich,&nbsp;Dich auf meiner Webseite begr\u00fc\u00dfen zu d\u00fcrfen!<\/span><\/strong><\/p>\n\n\n\n<p class=\"has-text-align-left\">In Zeiten von gro\u00dfen Ver\u00e4nderungen,&nbsp; Leistungsdruck, seelischen und psychischen Stress gibt es viele M\u00f6glichkeiten und&nbsp;Ursachen aus dem Gleichgewicht &#8211; der Harmonie zwischen K\u00f6rper und Seele &#8211; zu fallen.<\/p>\n\n\n\n<p>Ich sehe meine Aufgabe darin, Menschen mit meinen sensitiven und medialen F\u00e4higkeiten zu unterst\u00fctzen und das Gleichgewicht wiederherzustellen sowie energetische Blockaden zu l\u00f6sen.<\/p>\n\n\n\n<p>Mein Lebensmotto:<\/p>\n\n\n\n<p class=\"has-text-align-center\"><strong>\u00abMan sieht nur mit dem Herzen gut.<br><\/strong><strong>Das Wesentliche ist f\u00fcr die Augen unsichtbar.\u00bb<\/strong><\/p>\n\n\n\n<p class=\"has-text-align-center\"><span style=\"font-size: 8pt;\">\u2039Antoine de Saint \u2013 Exup\u00e9ry\u203a<\/span><\/p>\n\n\n\n<p class=\"has-text-align-center\"><\/p>\n\n\n\n<hr class=\"wp-block-separator has-alpha-channel-opacity\"\/>\n\n\n\n<p>Qualit\u00e4tssiegel der WKO<\/p>\n\n\n<div class=\"wp-block-image\">\n<figure class=\"aligncenter\"><a href=\"http:\/\/www.energieundklang.at\/wp-content\/uploads\/2014\/12\/WKOQM-Siegel-mittel1.png\"><img loading=\"lazy\" decoding=\"async\" width=\"150\" height=\"150\" src=\"http:\/\/www.energieundklang.at\/wp-content\/uploads\/2014\/12\/WKOQM-Siegel-mittel1-150x150.png\" alt=\"WKOQM Siegel mittel\" class=\"wp-image-1756\"\/><\/a><\/figure><\/div>\n\n\n<p><\/p>\n","protected":false},"excerpt":{"rendered":"<p>Es freut mich,&nbsp;Dich auf meiner Webseite begr\u00fc\u00dfen zu d\u00fcrfen! In Zeiten von gro\u00dfen Ver\u00e4nderungen,&nbsp; Leistungsdruck, seelischen und psychischen Stress gibt es viele M\u00f6glichkeiten und&nbsp;Ursachen aus dem Gleichgewicht &#8211; der Harmonie zwischen K\u00f6rper und Seele &#8211; zu fallen. Ich sehe meine Aufgabe darin, Menschen mit meinen sensitiven und medialen F\u00e4higkeiten zu unterst\u00fctzen und das Gleichgewicht wiederherzustellen [&hellip;]<\/p>\n","protected":false},"author":2,"featured_media":0,"parent":0,"menu_order":1,"comment_status":"closed","ping_status":"closed","template":"page-templates\/full-width.php","meta":{"footnotes":""},"class_list":["post-120","page","type-page","status-publish","hentry"],"_links":{"self":[{"href":"https:\/\/www.energieundklang.at\/index.php?rest_route=\/wp\/v2\/pages\/120","targetHints":{"allow":["GET"]}}],"collection":[{"href":"https:\/\/www.energieundklang.at\/index.php?rest_route=\/wp\/v2\/pages"}],"about":[{"href":"https:\/\/www.energieundklang.at\/index.php?rest_route=\/wp\/v2\/types\/page"}],"author":[{"embeddable":true,"href":"https:\/\/www.energieundklang.at\/index.php?rest_route=\/wp\/v2\/users\/2"}],"replies":[{"embeddable":true,"href":"https:\/\/www.energieundklang.at\/index.php?rest_route=%2Fwp%2Fv2%2Fcomments&post=120"}],"version-history":[{"count":175,"href":"https:\/\/www.energieundklang.at\/index.php?rest_route=\/wp\/v2\/pages\/120\/revisions"}],"predecessor-version":[{"id":2765,"href":"https:\/\/www.energieundklang.at\/index.php?rest_route=\/wp\/v2\/pages\/120\/revisions\/2765"}],"wp:attachment":[{"href":"https:\/\/www.energieundklang.at\/index.php?rest_route=%2Fwp%2Fv2%2Fmedia&parent=120"}],"curies":[{"name":"wp","href":"https:\/\/api.w.org\/{rel}","templated":true}]}}